{"id":1748,"date":"2023-03-06T04:57:10","date_gmt":"2023-03-06T04:57:10","guid":{"rendered":"https:\/\/cliquedtest2.com\/jobsandvisas\/termos-e-condicoes\/"},"modified":"2023-03-10T09:34:52","modified_gmt":"2023-03-10T09:34:52","slug":"termos-e-condicoes","status":"publish","type":"page","link":"https:\/\/jobsandvisas.ie\/pt-br\/termos-e-condicoes\/","title":{"rendered":"Termos e Condi\u00e7\u00f5es"},"content":{"rendered":"\t\t<div data-elementor-type=\"wp-page\" data-elementor-id=\"1748\" class=\"elementor elementor-1748\" data-elementor-post-type=\"page\">\n\t\t\t\t\t\t<section class=\"elementor-section elementor-top-section elementor-element elementor-element-6c25f44 elementor-section-full_width elementor-section-stretched main-banner elementor-section-height-default elementor-section-height-default\" data-id=\"6c25f44\" data-element_type=\"section\" data-settings=\"{&quot;background_background&quot;:&quot;gradient&quot;,&quot;stretch_section&quot;:&quot;section-stretched&quot;}\">\n\t\t\t\t\t\t<div class=\"elementor-container elementor-column-gap-no\">\n\t\t\t\t\t<div class=\"elementor-column elementor-col-100 elementor-top-column elementor-element elementor-element-b9606f7\" data-id=\"b9606f7\" data-element_type=\"column\">\n\t\t\t<div class=\"elementor-widget-wrap elementor-element-populated\">\n\t\t\t\t\t\t<section class=\"elementor-section elementor-inner-section elementor-element elementor-element-347529c elementor-section-boxed elementor-section-height-default elementor-section-height-default\" data-id=\"347529c\" data-element_type=\"section\">\n\t\t\t\t\t\t<div class=\"elementor-container elementor-column-gap-default\">\n\t\t\t\t\t<div class=\"elementor-column elementor-col-100 elementor-inner-column elementor-element elementor-element-623525d\" data-id=\"623525d\" data-element_type=\"column\">\n\t\t\t<div class=\"elementor-widget-wrap elementor-element-populated\">\n\t\t\t\t\t\t<section class=\"elementor-section elementor-inner-section elementor-element elementor-element-81470c2 elementor-section-boxed elementor-section-height-default elementor-section-height-default\" data-id=\"81470c2\" data-element_type=\"section\" data-settings=\"{&quot;background_background&quot;:&quot;classic&quot;}\">\n\t\t\t\t\t\t<div class=\"elementor-container elementor-column-gap-no\">\n\t\t\t\t\t<div class=\"elementor-column elementor-col-100 elementor-inner-column elementor-element elementor-element-6fce26c\" data-id=\"6fce26c\" data-element_type=\"column\" data-settings=\"{&quot;background_background&quot;:&quot;classic&quot;}\">\n\t\t\t<div class=\"elementor-widget-wrap elementor-element-populated\">\n\t\t\t\t\t\t<div class=\"elementor-element elementor-element-12f1382 elementor-widget elementor-widget-heading\" data-id=\"12f1382\" data-element_type=\"widget\" data-widget_type=\"heading.default\">\n\t\t\t\t<div class=\"elementor-widget-container\">\n\t\t\t\t\t<h2 class=\"elementor-heading-title elementor-size-default\">Termos e Condi\u00e7\u00f5es<\/h2>\t\t\t\t<\/div>\n\t\t\t\t<\/div>\n\t\t\t\t\t<\/div>\n\t\t<\/div>\n\t\t\t\t\t<\/div>\n\t\t<\/section>\n\t\t\t\t\t<\/div>\n\t\t<\/div>\n\t\t\t\t\t<\/div>\n\t\t<\/section>\n\t\t\t\t\t<\/div>\n\t\t<\/div>\n\t\t\t\t\t<\/div>\n\t\t<\/section>\n\t\t\t\t<section class=\"elementor-section elementor-top-section elementor-element elementor-element-83731cf elementor-section-boxed elementor-section-height-default elementor-section-height-default\" data-id=\"83731cf\" data-element_type=\"section\">\n\t\t\t\t\t\t<div class=\"elementor-container elementor-column-gap-default\">\n\t\t\t\t\t<div class=\"elementor-column elementor-col-100 elementor-top-column elementor-element elementor-element-68bdf2d\" data-id=\"68bdf2d\" data-element_type=\"column\">\n\t\t\t<div class=\"elementor-widget-wrap elementor-element-populated\">\n\t\t\t\t\t\t<div class=\"elementor-element elementor-element-09ea072 elementor-widget elementor-widget-text-editor\" data-id=\"09ea072\" data-element_type=\"widget\" data-widget_type=\"text-editor.default\">\n\t\t\t\t<div class=\"elementor-widget-container\">\n\t\t\t\t\t\t\t\t\t<p>Um contrato de Termos e Condi\u00e7\u00f5es atua como um contrato legal entre voc\u00ea (a empresa) e o usu\u00e1rio. \u00c9 onde voc\u00ea <strong>mant\u00e9m seus direitos<\/strong> de excluir usu\u00e1rios de seu aplicativo caso eles abusem de seu site\/aplicativo, define as regras de uso de seu servi\u00e7o e observa outros detalhes importantes e isen\u00e7\u00f5es de responsabilidade.<\/p>\n<p>Ter um contrato de Termos e Condi\u00e7\u00f5es \u00e9 totalmente opcional. Nenhuma lei exige que voc\u00ea tenha um. Nem mesmo o super-r\u00edgido e abrangente Regulamento Geral de Prote\u00e7\u00e3o de Dados (GDPR).<\/p>\n<p>Seu contrato de Termos e Condi\u00e7\u00f5es ser\u00e1 exclusivamente seu. Embora algumas cl\u00e1usulas sejam padr\u00e3o e comumente vistas em praticamente todos os contratos de Termos e Condi\u00e7\u00f5es, cabe a voc\u00ea definir as regras e diretrizes com as quais o usu\u00e1rio deve concordar.<\/p>\n<p>Os acordos de termos e condi\u00e7\u00f5es tamb\u00e9m s\u00e3o conhecidos como termos de servi\u00e7o ou acordos de termos de uso. Esses termos s\u00e3o intercambi\u00e1veis, praticamente falando.<\/p>\n\t\t\t\t\t\t\t\t<\/div>\n\t\t\t\t<\/div>\n\t\t\t\t\t<\/div>\n\t\t<\/div>\n\t\t\t\t\t<\/div>\n\t\t<\/section>\n\t\t\t\t<\/div>\n\t\t","protected":false},"excerpt":{"rendered":"<p>Um contrato de Termos e Condi\u00e7\u00f5es atua como um contrato legal entre voc\u00ea (a empresa) e o usu\u00e1rio. \u00c9 onde voc\u00ea mant\u00e9m seus direitos de excluir usu\u00e1rios de seu aplicativo caso eles abusem de seu site\/aplicativo, define as regras de uso de seu servi\u00e7o e observa outros detalhes importantes e isen\u00e7\u00f5es de responsabilidade. Ter um [&hellip;]<\/p>\n","protected":false},"author":1,"featured_media":0,"parent":0,"menu_order":0,"comment_status":"closed","ping_status":"closed","template":"elementor_header_footer","meta":{"_acf_changed":false,"footnotes":""},"class_list":["post-1748","page","type-page","status-publish","hentry","entry"],"acf":[],"_links":{"self":[{"href":"https:\/\/jobsandvisas.ie\/pt-br\/wp-json\/wp\/v2\/pages\/1748","targetHints":{"allow":["GET"]}}],"collection":[{"href":"https:\/\/jobsandvisas.ie\/pt-br\/wp-json\/wp\/v2\/pages"}],"about":[{"href":"https:\/\/jobsandvisas.ie\/pt-br\/wp-json\/wp\/v2\/types\/page"}],"author":[{"embeddable":true,"href":"https:\/\/jobsandvisas.ie\/pt-br\/wp-json\/wp\/v2\/users\/1"}],"replies":[{"embeddable":true,"href":"https:\/\/jobsandvisas.ie\/pt-br\/wp-json\/wp\/v2\/comments?post=1748"}],"version-history":[{"count":3,"href":"https:\/\/jobsandvisas.ie\/pt-br\/wp-json\/wp\/v2\/pages\/1748\/revisions"}],"predecessor-version":[{"id":1751,"href":"https:\/\/jobsandvisas.ie\/pt-br\/wp-json\/wp\/v2\/pages\/1748\/revisions\/1751"}],"wp:attachment":[{"href":"https:\/\/jobsandvisas.ie\/pt-br\/wp-json\/wp\/v2\/media?parent=1748"}],"curies":[{"name":"wp","href":"https:\/\/api.w.org\/{rel}","templated":true}]}}